{"id":198,"date":"2025-01-22T13:14:30","date_gmt":"2025-01-22T12:14:30","guid":{"rendered":"https:\/\/www.kanzlei-luithlen.de\/?page_id=198"},"modified":"2025-01-22T13:35:10","modified_gmt":"2025-01-22T12:35:10","slug":"grundstucks-und-immobilienrecht","status":"publish","type":"page","link":"https:\/\/www.kanzlei-luithlen.de\/index.php\/grundstucks-und-immobilienrecht\/","title":{"rendered":"Grundst\u00fccks- und Immobilienrecht"},"content":{"rendered":"<div>\n<p>        <img decoding=\"async\" src=\"\/wp-content\/uploads\/services-02-legal-advisory.svg\" alt=\"\"><\/p>\n<h1>Grundst\u00fccks- und Immobilienrecht<\/h1>\n<\/div>\n<div>01<\/div>\n<div>\n<div>Im Bereich des Grundst\u00fccks- und Immobilienrechts pr\u00fcfen wir Grundst\u00fcckskaufvertr\u00e4ge wie auch Bautr\u00e4gervertr\u00e4ge und verhandeln diese mit den Vertragspartnern unserer Mandanten.<\/p>\n<p>Besondere Aufmerksamkeit gilt hierbei der M\u00e4ngelgew\u00e4hrleistung im privaten Baurecht, einer sachgerechten Regelung der Sicherheiten bei der Kaufpreiszahlung sowie den wichtigen Schnittstellen zur VOB\/B, zum Wohnungseigentumsrecht wie auch zum \u00f6ffentlichen Baurecht.<\/p>\n<p>Wir vertreten gleicherma\u00dfen K\u00e4ufer wie auch Verk\u00e4ufer\/Bautr\u00e4ger.<\/p><\/div>\n<\/div>\n<div>02<\/div>\n<div>\n<div>Des Weiteren unterst\u00fctzen wir Mandanten bei der Abwehr von Beeintr\u00e4chtigungen ihres Grundst\u00fcckseigentums. Wir setzen Schadensersatzanspr\u00fcche, Beseitigungsanspr\u00fcche sowie Unterlassungsanspr\u00fcche durch, die sich z.B. aus Baut\u00e4tigkeiten auf dem Nachbargrundst\u00fcck oder Beeintr\u00e4chtigungen in Form von Ger\u00fcchen, Ger\u00e4uschen oder Ersch\u00fctterungen ergeben.<\/p>\n<p>Ferner vertreten wir unsere Mandanten auch in \u201eklassischen\u201c Nachbarstreitigkeiten, etwa bei der Beseitigung unrechtm\u00e4\u00dfiger Grenzbepflanzungen<\/p><\/div>\n<\/div>\n<div>03<\/div>\n<div>\n<div>Schlie\u00dflich unterst\u00fctzen wir unsere Mandanten bei der Sicherung ihrer Anspr\u00fcche an Grundverm\u00f6gen. Ein wichtiges Instrument ist dabei die Eintragung von Vormerkungen im Grundbuch \u2013 auch im Wege einer einstweiligen Verf\u00fcgung. Daneben setzen wir Grundbuchberechtigungen ebenso durch wie Anspr\u00fcche auf L\u00f6schung von dinglichen Rechten\/Dienstbarkeiten.<\/div>\n<\/div>\n<div>Ihre Ansprechpartner: RA Michael Hopp, Fachanwalt f\u00fcr Erbrecht und Arbeitsrecht<\/p>\n<p>RA Thomas Luithlen<\/p><\/div>\n<p>\n    <a href=\"mailto:info@kanzlei-luithlen.de\">Kontaktieren Sie uns<\/a>\n<\/p>\n<p><!--more--><br \/>\n<!-- {\"type\":\"layout\",\"children\":[{\"name\":\"Hero\",\"type\":\"section\",\"props\":{\"height\":\"viewport\",\"height_viewport\":40,\"image\":\"wp-content\\\/uploads\\\/financial-services-hero.jpg\",\"image_effect\":\"parallax\",\"image_loading\":true,\"image_parallax_bgy\":\"0,120\",\"image_parallax_easing\":\"1\",\"image_position\":\"center-center\",\"image_width\":\"1560\",\"padding_remove_top\":true,\"style\":\"default\",\"title_breakpoint\":\"xl\",\"title_position\":\"top-left\",\"title_rotation\":\"left\",\"vertical_align\":\"middle\",\"width\":\"\"},\"children\":[{\"type\":\"row\",\"children\":[{\"type\":\"column\",\"props\":{\"image_position\":\"center-center\",\"position_sticky_breakpoint\":\"m\",\"width_medium\":\"1-1\"}}]}]},{\"name\":\"Headline\",\"type\":\"section\",\"props\":{\"animation\":\"fade\",\"animation_delay\":\"200\",\"image_position\":\"center-center\",\"style\":\"default\",\"title_breakpoint\":\"xl\",\"title_position\":\"top-left\",\"title_rotation\":\"left\",\"vertical_align\":\"\",\"width\":\"default\"},\"children\":[{\"type\":\"row\",\"children\":[{\"type\":\"column\",\"props\":{\"image_position\":\"center-center\",\"position_sticky_breakpoint\":\"m\",\"width_medium\":\"1-1\"},\"children\":[{\"type\":\"panel\",\"props\":{\"content\":\"\",\"content_column_breakpoint\":\"m\",\"content_style\":\"text-lead\",\"icon_width\":80,\"image\":\"wp-content\\\/uploads\\\/services-02-legal-advisory.svg\",\"image_align\":\"top\",\"image_grid_breakpoint\":\"m\",\"image_grid_width\":\"1-2\",\"image_loading\":true,\"image_svg_animate\":true,\"image_svg_color\":\"primary\",\"image_svg_inline\":true,\"link_style\":\"default\",\"link_text\":\"Read more\",\"margin\":\"default\",\"maxwidth\":\"large\",\"meta_align\":\"below-title\",\"meta_element\":\"div\",\"meta_style\":\"text-meta\",\"title\":\"Grundst\\u00fccks- und Immobilienrecht\",\"title_align\":\"top\",\"title_element\":\"h1\",\"title_grid_breakpoint\":\"m\",\"title_grid_width\":\"1-2\",\"title_hover_style\":\"reset\"}}]}]}]},{\"name\":\"Services\",\"type\":\"section\",\"props\":{\"animation_delay\":false,\"image_position\":\"center-center\",\"padding\":\"large\",\"padding_remove_top\":true,\"style\":\"default\",\"title_breakpoint\":\"xl\",\"title_position\":\"top-left\",\"title_rotation\":\"left\",\"vertical_align\":\"\",\"width\":\"default\"},\"children\":[{\"type\":\"row\",\"props\":{\"column_gap\":\"large\",\"layout\":\"1-2,1-2\",\"margin\":\"xlarge\",\"row_gap\":\"large\"},\"children\":[{\"type\":\"column\",\"props\":{\"image_position\":\"center-center\",\"position_sticky_breakpoint\":\"m\",\"width_medium\":\"1-2\"},\"children\":[{\"type\":\"headline\",\"props\":{\"content\":\"01\",\"title_color\":\"primary\",\"title_element\":\"div\",\"title_style\":\"heading-medium\"}},{\"type\":\"panel\",\"props\":{\"content\":\"Im Bereich des Grundst\\u00fccks- und Immobilienrechts pr\\u00fcfen wir Grundst\\u00fcckskaufvertr\\u00e4ge wie auch Bautr\\u00e4gervertr\\u00e4ge und verhandeln diese mit den Vertragspartnern unserer Mandanten.\\n\\nBesondere Aufmerksamkeit gilt hierbei der M\\u00e4ngelgew\\u00e4hrleistung im privaten Baurecht, einer sachgerechten Regelung der Sicherheiten bei der Kaufpreiszahlung sowie den wichtigen Schnittstellen zur VOB\\\/B, zum Wohnungseigentumsrecht wie auch zum \\u00f6ffentlichen Baurecht.\\n\\nWir vertreten gleicherma\\u00dfen K\\u00e4ufer wie auch Verk\\u00e4ufer\\\/Bautr\\u00e4ger.\",\"content_column_breakpoint\":\"m\",\"icon_width\":80,\"image_align\":\"top\",\"image_grid_breakpoint\":\"m\",\"image_grid_width\":\"1-2\",\"image_svg_color\":\"emphasis\",\"link_style\":\"default\",\"link_text\":\"Read more\",\"margin\":\"default\",\"meta_align\":\"below-title\",\"meta_element\":\"div\",\"meta_style\":\"text-meta\",\"title\":\"\",\"title_align\":\"top\",\"title_decoration\":\"line\",\"title_element\":\"h2\",\"title_grid_breakpoint\":\"m\",\"title_grid_width\":\"1-2\",\"title_hover_style\":\"reset\",\"title_style\":\"h3\"}},{\"type\":\"headline\",\"props\":{\"content\":\"02\",\"title_color\":\"primary\",\"title_element\":\"div\",\"title_style\":\"heading-medium\"}},{\"type\":\"panel\",\"props\":{\"content\":\"Des Weiteren unterst\\u00fctzen wir Mandanten bei der Abwehr von Beeintr\\u00e4chtigungen ihres Grundst\\u00fcckseigentums. Wir setzen Schadensersatzanspr\\u00fcche, Beseitigungsanspr\\u00fcche sowie Unterlassungsanspr\\u00fcche durch, die sich z.B. aus Baut\\u00e4tigkeiten auf dem Nachbargrundst\\u00fcck oder Beeintr\\u00e4chtigungen in Form von Ger\\u00fcchen, Ger\\u00e4uschen oder Ersch\\u00fctterungen ergeben.\\n\\nFerner vertreten wir unsere Mandanten auch in \\u201eklassischen\\u201c Nachbarstreitigkeiten, etwa bei der Beseitigung unrechtm\\u00e4\\u00dfiger Grenzbepflanzungen\",\"content_column_breakpoint\":\"m\",\"icon_width\":80,\"image_align\":\"top\",\"image_grid_breakpoint\":\"m\",\"image_grid_width\":\"1-2\",\"image_svg_color\":\"emphasis\",\"link_style\":\"default\",\"link_text\":\"Read more\",\"margin\":\"default\",\"meta_align\":\"below-title\",\"meta_element\":\"div\",\"meta_style\":\"text-meta\",\"title\":\"\",\"title_align\":\"top\",\"title_decoration\":\"line\",\"title_element\":\"h2\",\"title_grid_breakpoint\":\"m\",\"title_grid_width\":\"1-2\",\"title_hover_style\":\"reset\",\"title_style\":\"h3\"}}]},{\"type\":\"column\",\"props\":{\"image_position\":\"center-center\",\"position_sticky_breakpoint\":\"m\",\"width_medium\":\"1-2\"},\"children\":[{\"type\":\"headline\",\"props\":{\"content\":\"03\",\"title_color\":\"primary\",\"title_element\":\"div\",\"title_style\":\"heading-medium\"}},{\"type\":\"panel\",\"props\":{\"content\":\"Schlie\\u00dflich unterst\\u00fctzen wir unsere Mandanten bei der Sicherung ihrer Anspr\\u00fcche an Grundverm\\u00f6gen. Ein wichtiges Instrument ist dabei die Eintragung von Vormerkungen im Grundbuch \\u2013 auch im Wege einer einstweiligen Verf\\u00fcgung. Daneben setzen wir Grundbuchberechtigungen ebenso durch wie Anspr\\u00fcche auf L\\u00f6schung von dinglichen Rechten\\\/Dienstbarkeiten.\",\"content_column_breakpoint\":\"m\",\"icon_width\":80,\"image_align\":\"top\",\"image_grid_breakpoint\":\"m\",\"image_grid_width\":\"1-2\",\"image_svg_color\":\"emphasis\",\"link_style\":\"default\",\"link_text\":\"Read more\",\"margin\":\"default\",\"meta_align\":\"below-title\",\"meta_element\":\"div\",\"meta_style\":\"text-meta\",\"title\":\"\",\"title_align\":\"top\",\"title_decoration\":\"line\",\"title_element\":\"h2\",\"title_grid_breakpoint\":\"m\",\"title_grid_width\":\"1-2\",\"title_hover_style\":\"reset\",\"title_style\":\"h3\"}}]}]}]},{\"name\":\"Call to Action\",\"type\":\"section\",\"props\":{\"image_position\":\"center-center\",\"preserve_color\":false,\"style\":\"secondary\",\"title_breakpoint\":\"xl\",\"title_position\":\"top-left\",\"title_rotation\":\"left\",\"vertical_align\":\"\",\"width\":\"default\"},\"children\":[{\"type\":\"row\",\"props\":{\"layout\":\"1-2,1-2\",\"margin\":\"default\",\"vertical_align\":true,\"width\":\"default\"},\"children\":[{\"type\":\"column\",\"props\":{\"image_position\":\"center-center\",\"position_sticky_breakpoint\":\"m\",\"vertical_align\":\"middle\",\"width_medium\":\"1-2\"},\"children\":[{\"type\":\"headline\",\"props\":{\"content\":\"Ihre Ansprechpartner: RA Michael Hopp, Fachanwalt f\\u00fcr Erbrecht und Arbeitsrecht\\n\\nRA Thomas Luithlen\",\"title_element\":\"div\",\"title_style\":\"h6\"}}]},{\"type\":\"column\",\"props\":{\"image_position\":\"center-center\",\"position_sticky_breakpoint\":\"m\",\"vertical_align\":\"middle\",\"width_medium\":\"1-2\"},\"children\":[{\"type\":\"button\",\"props\":{\"grid_column_gap\":\"small\",\"grid_row_gap\":\"small\",\"margin\":\"default\",\"text_align\":\"center\",\"text_align_breakpoint\":\"m\",\"text_align_fallback\":\"left\"},\"children\":[{\"type\":\"button_item\",\"props\":{\"button_style\":\"primary\",\"content\":\"Kontaktieren Sie uns\",\"icon_align\":\"left\",\"link\":\"mailto:info@kanzlei-luithlen.de\"}}]}]}]}]}],\"version\":\"4.4.18\"} --><\/p>\n","protected":false},"excerpt":{"rendered":"<p>Grundst\u00fccks- und Immobilienrecht 01 Im Bereich des Grundst\u00fccks- und Immobilienrechts pr\u00fcfen wir Grundst\u00fcckskaufvertr\u00e4ge wie auch Bautr\u00e4gervertr\u00e4ge und verhandeln diese mit den Vertragspartnern unserer Mandanten. Besondere Aufmerksamkeit gilt hierbei der M\u00e4ngelgew\u00e4hrleistung im privaten Baurecht, einer sachgerechten Regelung der Sicherheiten bei der Kaufpreiszahlung sowie den wichtigen Schnittstellen zur VOB\/B, zum Wohnungseigentumsrecht wie auch zum \u00f6ffentlichen Baurecht. Wir [&hellip;]<\/p>\n","protected":false},"author":1,"featured_media":0,"parent":0,"menu_order":0,"comment_status":"closed","ping_status":"closed","template":"","meta":{"_monsterinsights_skip_tracking":false,"_monsterinsights_sitenote_active":false,"_monsterinsights_sitenote_note":"","_monsterinsights_sitenote_category":0,"footnotes":""},"class_list":["post-198","page","type-page","status-publish","hentry"],"aioseo_notices":[],"_links":{"self":[{"href":"https:\/\/www.kanzlei-luithlen.de\/index.php\/wp-json\/wp\/v2\/pages\/198","targetHints":{"allow":["GET"]}}],"collection":[{"href":"https:\/\/www.kanzlei-luithlen.de\/index.php\/wp-json\/wp\/v2\/pages"}],"about":[{"href":"https:\/\/www.kanzlei-luithlen.de\/index.php\/wp-json\/wp\/v2\/types\/page"}],"author":[{"embeddable":true,"href":"https:\/\/www.kanzlei-luithlen.de\/index.php\/wp-json\/wp\/v2\/users\/1"}],"replies":[{"embeddable":true,"href":"https:\/\/www.kanzlei-luithlen.de\/index.php\/wp-json\/wp\/v2\/comments?post=198"}],"version-history":[{"count":7,"href":"https:\/\/www.kanzlei-luithlen.de\/index.php\/wp-json\/wp\/v2\/pages\/198\/revisions"}],"predecessor-version":[{"id":237,"href":"https:\/\/www.kanzlei-luithlen.de\/index.php\/wp-json\/wp\/v2\/pages\/198\/revisions\/237"}],"wp:attachment":[{"href":"https:\/\/www.kanzlei-luithlen.de\/index.php\/wp-json\/wp\/v2\/media?parent=198"}],"curies":[{"name":"wp","href":"https:\/\/api.w.org\/{rel}","templated":true}]}}