{"id":189,"date":"2025-01-22T13:05:36","date_gmt":"2025-01-22T12:05:36","guid":{"rendered":"https:\/\/www.kanzlei-luithlen.de\/?page_id=189"},"modified":"2025-01-22T13:33:29","modified_gmt":"2025-01-22T12:33:29","slug":"erbrecht","status":"publish","type":"page","link":"https:\/\/www.kanzlei-luithlen.de\/index.php\/erbrecht\/","title":{"rendered":"Erbrecht"},"content":{"rendered":"<div>\n<p>        <img decoding=\"async\" src=\"\/wp-content\/uploads\/services-02-legal-advisory.svg\" alt=\"\"><\/p>\n<h1>Erbrecht<\/h1>\n<\/div>\n<div>01<\/div>\n<div>\n<h2>Erbrechtliche Gestaltung<\/h2>\n<div>\n<p>H\u00e4ufig entspricht die gesetzliche Erbfolge nicht den Zielen und W\u00fcnschen des Erblassers. Verstirbt ein Ehegatte, entsteht eine Erbengemeinschaft, bestehend aus dem hinterbliebenen Ehepartner und Kindern; bei Kinderlosigkeit kommen evtl. auch sonstige Verwandte hinzu. Unverheiratete Paare beerben sich nach dem Gesetz nicht. Mit der Ausarbeitung von Testamenten und Vertr\u00e4gen helfen wir, ungew\u00fcnschte Verm\u00f6gensverschiebungen gem\u00e4\u00df der gesetzlichen Erbfolge zu vermeiden.<\/p>\n<p>Auch bei besonderen Familienkonstellationen erarbeiten wir tragf\u00e4hige L\u00f6sungen f\u00fcr eine nachhaltige Verm\u00f6gensregelung: gerade bei sog. Patchwork-Familien, bei denen die Partner Kinder aus fr\u00fcheren Ehen mitbringen, oder auch bei Familien mit besonderen Schutzbed\u00fcrftigen (z.B. behinderten oder kranken Kindern) ist die Ausarbeitung einer auf den Einzelfall abgestimmten Verf\u00fcgung von Todes wegen ratsam.<\/p>\n<\/div>\n<\/div>\n<div>02<\/div>\n<div>\n<h2>Selbst erben<\/h2>\n<div>\n<p>Ein Erbfall bringt eine Reihe von Fragen mit sich, zu deren L\u00f6sung wir beitragen: Was ist mit dem Originaltestament zu tun? Ist ein Erbschein von N\u00f6ten? Wie ist ein Nachlassverzeichnis zu erstellen? Reicht das Erbe zur Begleichung der Erblasserschulden aus? Soll ein Erbe ausgeschlagen werden? Wie setzt man sich mit seinen Miterben auseinander? Wie erh\u00e4lt man die notwendigen Ausk\u00fcnfte f\u00fcr seine Anspr\u00fcche, wie setzt man seine Anspr\u00fcche durch?<\/p>\n<p>All dies sind Themen, die in professioneller Begleitung eines Fachanwalts f\u00fcr Erbrecht schnell und interessengerecht bew\u00e4ltigt werden k\u00f6nnen.<\/p>\n<\/div>\n<\/div>\n<div>03<\/div>\n<div>\n<h2>Ich bin enterbt worden &#8211; was nun?<\/h2>\n<div>\n<p>Hin und wieder kommt es vor, dass der Erblasser seine n\u00e4chsten Verwandten vom Erbe ausschlie\u00dft. In diesen F\u00e4llen wird zu untersuchen sein, ob die Verf\u00fcgung des Erblassers angefochten oder wegen Testierunf\u00e4higkeit angegriffen werden kann. Sollte dies nicht m\u00f6glich sein, ist zu pr\u00fcfen, ob der \u00dcbergangene Pflichtteilsanspr\u00fcche gegen den Erben geltend machen kann. Hat der Erblasser zu Lebzeiten Schenkungen an Dritte gemacht, kommen auch Pflichtteilserg\u00e4nzungsanspr\u00fcche in Betracht.<\/p>\n<p>Bei all diesen Fallkonstellationen helfen wir bei einer zielgerichteten und z\u00fcgigen Durchsetzung erbrechtlicher Anspr\u00fcche<\/p>\n<\/div>\n<\/div>\n<div>Ihr Ansprechpartner: RA Michael Hopp, Fachanwalt f\u00fcr Erbrecht und Arbeitsrecht<\/div>\n<p>\n    <a href=\"mailto:info@kanzlei-luithlen.de\">Kontaktieren Sie uns<\/a>\n<\/p>\n<p><!--more--><br \/>\n<!-- {\"type\":\"layout\",\"children\":[{\"name\":\"Hero\",\"type\":\"section\",\"props\":{\"height\":\"viewport\",\"height_viewport\":40,\"image\":\"wp-content\\\/uploads\\\/financial-services-hero.jpg\",\"image_effect\":\"parallax\",\"image_loading\":true,\"image_parallax_bgy\":\"0,120\",\"image_parallax_easing\":\"1\",\"image_position\":\"center-center\",\"image_width\":\"1560\",\"padding_remove_top\":true,\"style\":\"default\",\"title_breakpoint\":\"xl\",\"title_position\":\"top-left\",\"title_rotation\":\"left\",\"vertical_align\":\"middle\",\"width\":\"\"},\"children\":[{\"type\":\"row\",\"children\":[{\"type\":\"column\",\"props\":{\"image_position\":\"center-center\",\"position_sticky_breakpoint\":\"m\",\"width_medium\":\"1-1\"}}]}]},{\"name\":\"Headline\",\"type\":\"section\",\"props\":{\"animation\":\"fade\",\"animation_delay\":\"200\",\"image_position\":\"center-center\",\"style\":\"default\",\"title_breakpoint\":\"xl\",\"title_position\":\"top-left\",\"title_rotation\":\"left\",\"vertical_align\":\"\",\"width\":\"default\"},\"children\":[{\"type\":\"row\",\"children\":[{\"type\":\"column\",\"props\":{\"image_position\":\"center-center\",\"position_sticky_breakpoint\":\"m\",\"width_medium\":\"1-1\"},\"children\":[{\"type\":\"panel\",\"props\":{\"content\":\"\",\"content_column_breakpoint\":\"m\",\"content_style\":\"text-lead\",\"icon_width\":80,\"image\":\"wp-content\\\/uploads\\\/services-02-legal-advisory.svg\",\"image_align\":\"top\",\"image_grid_breakpoint\":\"m\",\"image_grid_width\":\"1-2\",\"image_loading\":true,\"image_svg_animate\":true,\"image_svg_color\":\"primary\",\"image_svg_inline\":true,\"link_style\":\"default\",\"link_text\":\"Read more\",\"margin\":\"default\",\"maxwidth\":\"large\",\"meta_align\":\"below-title\",\"meta_element\":\"div\",\"meta_style\":\"text-meta\",\"title\":\"Erbrecht\",\"title_align\":\"top\",\"title_element\":\"h1\",\"title_grid_breakpoint\":\"m\",\"title_grid_width\":\"1-2\",\"title_hover_style\":\"reset\"}}]}]}]},{\"name\":\"Services\",\"type\":\"section\",\"props\":{\"animation_delay\":false,\"image_position\":\"center-center\",\"padding\":\"large\",\"padding_remove_top\":true,\"style\":\"default\",\"title_breakpoint\":\"xl\",\"title_position\":\"top-left\",\"title_rotation\":\"left\",\"vertical_align\":\"\",\"width\":\"default\"},\"children\":[{\"type\":\"row\",\"props\":{\"column_gap\":\"large\",\"layout\":\"1-2,1-2\",\"margin\":\"xlarge\",\"row_gap\":\"large\"},\"children\":[{\"type\":\"column\",\"props\":{\"image_position\":\"center-center\",\"position_sticky_breakpoint\":\"m\",\"width_medium\":\"1-2\"},\"children\":[{\"type\":\"headline\",\"props\":{\"content\":\"01\",\"title_color\":\"primary\",\"title_element\":\"div\",\"title_style\":\"heading-medium\"}},{\"type\":\"panel\",\"props\":{\"content\":\"\n\n<p>H\\u00e4ufig entspricht die gesetzliche Erbfolge nicht den Zielen und W\\u00fcnschen des Erblassers. Verstirbt ein Ehegatte, entsteht eine Erbengemeinschaft, bestehend aus dem hinterbliebenen Ehepartner und Kindern; bei Kinderlosigkeit kommen evtl. auch sonstige Verwandte hinzu. Unverheiratete Paare beerben sich nach dem Gesetz nicht. Mit der Ausarbeitung von Testamenten und Vertr\\u00e4gen helfen wir, ungew\\u00fcnschte Verm\\u00f6gensverschiebungen gem\\u00e4\\u00df der gesetzlichen Erbfolge zu vermeiden.<\\\/p>\\n\n\n<p>Auch bei besonderen Familienkonstellationen erarbeiten wir tragf\\u00e4hige L\\u00f6sungen f\\u00fcr eine nachhaltige Verm\\u00f6gensregelung: gerade bei sog. Patchwork-Familien, bei denen die Partner Kinder aus fr\\u00fcheren Ehen mitbringen, oder auch bei Familien mit besonderen Schutzbed\\u00fcrftigen (z.B. behinderten oder kranken Kindern) ist die Ausarbeitung einer auf den Einzelfall abgestimmten Verf\\u00fcgung von Todes wegen ratsam.<\\\/p>\",\"content_column_breakpoint\":\"m\",\"icon_width\":80,\"image_align\":\"top\",\"image_grid_breakpoint\":\"m\",\"image_grid_width\":\"1-2\",\"image_svg_color\":\"emphasis\",\"link_style\":\"default\",\"link_text\":\"Read more\",\"margin\":\"default\",\"meta_align\":\"below-title\",\"meta_element\":\"div\",\"meta_style\":\"text-meta\",\"title\":\"Erbrechtliche Gestaltung\",\"title_align\":\"top\",\"title_decoration\":\"line\",\"title_element\":\"h2\",\"title_grid_breakpoint\":\"m\",\"title_grid_width\":\"1-2\",\"title_hover_style\":\"reset\",\"title_style\":\"h3\"}},{\"type\":\"headline\",\"props\":{\"content\":\"02\",\"title_color\":\"primary\",\"title_element\":\"div\",\"title_style\":\"heading-medium\"}},{\"type\":\"panel\",\"props\":{\"content\":\"\n\n<p>Ein Erbfall bringt eine Reihe von Fragen mit sich, zu deren L\\u00f6sung wir beitragen: Was ist mit dem Originaltestament zu tun? Ist ein Erbschein von N\\u00f6ten? Wie ist ein Nachlassverzeichnis zu erstellen? Reicht das Erbe zur Begleichung der Erblasserschulden aus? Soll ein Erbe ausgeschlagen werden? Wie setzt man sich mit seinen Miterben auseinander? Wie erh\\u00e4lt man die notwendigen Ausk\\u00fcnfte f\\u00fcr seine Anspr\\u00fcche, wie setzt man seine Anspr\\u00fcche durch?<\\\/p>\\n\n\n<p>All dies sind Themen, die in professioneller Begleitung eines Fachanwalts f\\u00fcr Erbrecht schnell und interessengerecht bew\\u00e4ltigt werden k\\u00f6nnen.<\\\/p>\",\"content_column_breakpoint\":\"m\",\"icon_width\":80,\"image_align\":\"top\",\"image_grid_breakpoint\":\"m\",\"image_grid_width\":\"1-2\",\"image_svg_color\":\"emphasis\",\"link_style\":\"default\",\"link_text\":\"Read more\",\"margin\":\"default\",\"meta_align\":\"below-title\",\"meta_element\":\"div\",\"meta_style\":\"text-meta\",\"title\":\"Selbst erben\",\"title_align\":\"top\",\"title_decoration\":\"line\",\"title_element\":\"h2\",\"title_grid_breakpoint\":\"m\",\"title_grid_width\":\"1-2\",\"title_hover_style\":\"reset\",\"title_style\":\"h3\"}}]},{\"type\":\"column\",\"props\":{\"image_position\":\"center-center\",\"position_sticky_breakpoint\":\"m\",\"width_medium\":\"1-2\"},\"children\":[{\"type\":\"headline\",\"props\":{\"content\":\"03\",\"title_color\":\"primary\",\"title_element\":\"div\",\"title_style\":\"heading-medium\"}},{\"type\":\"panel\",\"props\":{\"content\":\"\n\n<p>Hin und wieder kommt es vor, dass der Erblasser seine n\\u00e4chsten Verwandten vom Erbe ausschlie\\u00dft. In diesen F\\u00e4llen wird zu untersuchen sein, ob die Verf\\u00fcgung des Erblassers angefochten oder wegen Testierunf\\u00e4higkeit angegriffen werden kann. Sollte dies nicht m\\u00f6glich sein, ist zu pr\\u00fcfen, ob der \\u00dcbergangene Pflichtteilsanspr\\u00fcche gegen den Erben geltend machen kann. Hat der Erblasser zu Lebzeiten Schenkungen an Dritte gemacht, kommen auch Pflichtteilserg\\u00e4nzungsanspr\\u00fcche in Betracht.<\\\/p>\\n\n\n<p>Bei all diesen Fallkonstellationen helfen wir bei einer zielgerichteten und z\\u00fcgigen Durchsetzung erbrechtlicher Anspr\\u00fcche<\\\/p>\",\"content_column_breakpoint\":\"m\",\"icon_width\":80,\"image_align\":\"top\",\"image_grid_breakpoint\":\"m\",\"image_grid_width\":\"1-2\",\"image_svg_color\":\"emphasis\",\"link_style\":\"default\",\"link_text\":\"Read more\",\"margin\":\"default\",\"meta_align\":\"below-title\",\"meta_element\":\"div\",\"meta_style\":\"text-meta\",\"title\":\"Ich bin enterbt worden - was nun?\",\"title_align\":\"top\",\"title_decoration\":\"line\",\"title_element\":\"h2\",\"title_grid_breakpoint\":\"m\",\"title_grid_width\":\"1-2\",\"title_hover_style\":\"reset\",\"title_style\":\"h3\"}}]}]}]},{\"name\":\"Call to Action\",\"type\":\"section\",\"props\":{\"image_position\":\"center-center\",\"preserve_color\":false,\"style\":\"secondary\",\"title_breakpoint\":\"xl\",\"title_position\":\"top-left\",\"title_rotation\":\"left\",\"vertical_align\":\"\",\"width\":\"default\"},\"children\":[{\"type\":\"row\",\"props\":{\"layout\":\"1-2,1-2\",\"margin\":\"default\",\"vertical_align\":true,\"width\":\"default\"},\"children\":[{\"type\":\"column\",\"props\":{\"image_position\":\"center-center\",\"position_sticky_breakpoint\":\"m\",\"vertical_align\":\"middle\",\"width_medium\":\"1-2\"},\"children\":[{\"type\":\"headline\",\"props\":{\"content\":\"Ihr Ansprechpartner: RA Michael Hopp, Fachanwalt f\\u00fcr Erbrecht und Arbeitsrecht\",\"title_element\":\"div\",\"title_style\":\"h6\"}}]},{\"type\":\"column\",\"props\":{\"image_position\":\"center-center\",\"position_sticky_breakpoint\":\"m\",\"vertical_align\":\"middle\",\"width_medium\":\"1-2\"},\"children\":[{\"type\":\"button\",\"props\":{\"grid_column_gap\":\"small\",\"grid_row_gap\":\"small\",\"margin\":\"default\",\"text_align\":\"center\",\"text_align_breakpoint\":\"m\",\"text_align_fallback\":\"left\"},\"children\":[{\"type\":\"button_item\",\"props\":{\"button_style\":\"primary\",\"content\":\"Kontaktieren Sie uns\",\"icon_align\":\"left\",\"link\":\"mailto:info@kanzlei-luithlen.de\"}}]}]}]}]}],\"version\":\"4.4.18\"} --><\/p>\n","protected":false},"excerpt":{"rendered":"<p>Erbrecht 01 Erbrechtliche Gestaltung H\u00e4ufig entspricht die gesetzliche Erbfolge nicht den Zielen und W\u00fcnschen des Erblassers. Verstirbt ein Ehegatte, entsteht eine Erbengemeinschaft, bestehend aus dem hinterbliebenen Ehepartner und Kindern; bei Kinderlosigkeit kommen evtl. auch sonstige Verwandte hinzu. Unverheiratete Paare beerben sich nach dem Gesetz nicht. Mit der Ausarbeitung von Testamenten und Vertr\u00e4gen helfen wir, ungew\u00fcnschte [&hellip;]<\/p>\n","protected":false},"author":1,"featured_media":0,"parent":0,"menu_order":0,"comment_status":"closed","ping_status":"closed","template":"","meta":{"_monsterinsights_skip_tracking":false,"_monsterinsights_sitenote_active":false,"_monsterinsights_sitenote_note":"","_monsterinsights_sitenote_category":0,"footnotes":""},"class_list":["post-189","page","type-page","status-publish","hentry"],"aioseo_notices":[],"_links":{"self":[{"href":"https:\/\/www.kanzlei-luithlen.de\/index.php\/wp-json\/wp\/v2\/pages\/189","targetHints":{"allow":["GET"]}}],"collection":[{"href":"https:\/\/www.kanzlei-luithlen.de\/index.php\/wp-json\/wp\/v2\/pages"}],"about":[{"href":"https:\/\/www.kanzlei-luithlen.de\/index.php\/wp-json\/wp\/v2\/types\/page"}],"author":[{"embeddable":true,"href":"https:\/\/www.kanzlei-luithlen.de\/index.php\/wp-json\/wp\/v2\/users\/1"}],"replies":[{"embeddable":true,"href":"https:\/\/www.kanzlei-luithlen.de\/index.php\/wp-json\/wp\/v2\/comments?post=189"}],"version-history":[{"count":9,"href":"https:\/\/www.kanzlei-luithlen.de\/index.php\/wp-json\/wp\/v2\/pages\/189\/revisions"}],"predecessor-version":[{"id":233,"href":"https:\/\/www.kanzlei-luithlen.de\/index.php\/wp-json\/wp\/v2\/pages\/189\/revisions\/233"}],"wp:attachment":[{"href":"https:\/\/www.kanzlei-luithlen.de\/index.php\/wp-json\/wp\/v2\/media?parent=189"}],"curies":[{"name":"wp","href":"https:\/\/api.w.org\/{rel}","templated":true}]}}